{"id":9976,"date":"2024-01-04T15:57:12","date_gmt":"2024-01-04T15:57:12","guid":{"rendered":"https:\/\/business.kpop2eu.com\/?post_type=product&#038;p=9976"},"modified":"2024-01-15T23:12:32","modified_gmt":"2024-01-15T23:12:32","slug":"bulramen-ramen-noodles-original-hot","status":"publish","type":"product","link":"https:\/\/kfood2eu.cz\/ko\/product\/bulramen-ramen-noodles-original-hot\/","title":{"rendered":"Bulramen Ramen Noodles &#8211; Original Hot (v krabici 40 kus\u016f)"},"content":{"rendered":"\t\t<div data-elementor-type=\"product-post\" data-elementor-id=\"9976\" class=\"elementor elementor-9976\" data-elementor-post-type=\"product\">\n\t\t\t\t\t\t<section class=\"elementor-section elementor-top-section elementor-element elementor-element-5497ba3c elementor-section-content-middle elementor-section-boxed elementor-section-height-default elementor-section-height-default\" data-id=\"5497ba3c\" data-element_type=\"section\">\n\t\t\t\t\t\t<div class=\"elementor-container elementor-column-gap-default\">\n\t\t\t\t\t<div class=\"elementor-column elementor-col-100 elementor-top-column elementor-element elementor-element-1d8a3a72\" data-id=\"1d8a3a72\" data-element_type=\"column\">\n\t\t\t<div class=\"elementor-widget-wrap elementor-element-populated\">\n\t\t\t\t\t\t<div class=\"elementor-element elementor-element-305339c6 wd-width-100 elementor-widget elementor-widget-wd_title\" data-id=\"305339c6\" data-element_type=\"widget\" data-widget_type=\"wd_title.default\">\n\t\t\t\t<div class=\"elementor-widget-container\">\n\t\t\t\t\t\t\t<div class=\"title-wrapper wd-set-mb reset-last-child wd-title-color-default wd-title-style-default wd-title-size-small text-left\">\n\n\t\t\t\n\t\t\t<div class=\"liner-continer\">\n\t\t\t\t<h4 class=\"woodmart-title-container title wd-fontsize-m\">Bulramen je jednou z nejnov\u011bj\u0161\u00edch korejsk\u00fdch zna\u010dek ko\u0159en\u011bn\u00fdch ku\u0159ec\u00edch ramen.<\/h4> \n\t\t\t\t\t\t\t<\/div>\n\n\t\t\t\t\t<\/div>\n\t\t\t\t\t\t<\/div>\n\t\t\t\t<\/div>\n\t\t\t\t<div class=\"elementor-element elementor-element-1c2d8354 elementor-widget elementor-widget-wd_image_or_svg\" data-id=\"1c2d8354\" data-element_type=\"widget\" data-widget_type=\"wd_image_or_svg.default\">\n\t\t\t\t<div class=\"elementor-widget-container\">\n\t\t\t\t\t\n\t\t<div class=\"wd-image text-center\">\n\t\t\t\t\t\t\t\t<img fetchpriority=\"high\" decoding=\"async\" width=\"1600\" height=\"1600\" src=\"https:\/\/kfood2eu.cz\/wp-content\/uploads\/2024\/01\/Bulramen-Ramen-Noodles-3-Flavor-Variety_1.jpg\" class=\"attachment-full size-full\" alt=\"\" srcset=\"https:\/\/kfood2eu.cz\/wp-content\/uploads\/2024\/01\/Bulramen-Ramen-Noodles-3-Flavor-Variety_1.jpg 1600w, https:\/\/kfood2eu.cz\/wp-content\/uploads\/2024\/01\/Bulramen-Ramen-Noodles-3-Flavor-Variety_1-300x300.jpg 300w, https:\/\/kfood2eu.cz\/wp-content\/uploads\/2024\/01\/Bulramen-Ramen-Noodles-3-Flavor-Variety_1-1024x1024.jpg 1024w, https:\/\/kfood2eu.cz\/wp-content\/uploads\/2024\/01\/Bulramen-Ramen-Noodles-3-Flavor-Variety_1-150x150.jpg 150w, https:\/\/kfood2eu.cz\/wp-content\/uploads\/2024\/01\/Bulramen-Ramen-Noodles-3-Flavor-Variety_1-768x768.jpg 768w, https:\/\/kfood2eu.cz\/wp-content\/uploads\/2024\/01\/Bulramen-Ramen-Noodles-3-Flavor-Variety_1-1536x1536.jpg 1536w, https:\/\/kfood2eu.cz\/wp-content\/uploads\/2024\/01\/Bulramen-Ramen-Noodles-3-Flavor-Variety_1-1200x1200.jpg 1200w, https:\/\/kfood2eu.cz\/wp-content\/uploads\/2024\/01\/Bulramen-Ramen-Noodles-3-Flavor-Variety_1-600x600.jpg 600w, https:\/\/kfood2eu.cz\/wp-content\/uploads\/2024\/01\/Bulramen-Ramen-Noodles-3-Flavor-Variety_1-400x400.jpg 400w\" sizes=\"(max-width: 1600px) 100vw, 1600px\" \/>\t\t\t\t\t<\/div>\n\n\t\t\t\t\t\t<\/div>\n\t\t\t\t<\/div>\n\t\t\t\t\t<\/div>\n\t\t<\/div>\n\t\t\t\t\t<\/div>\n\t\t<\/section>\n\t\t\t\t<section class=\"elementor-section elementor-top-section elementor-element elementor-element-64a6e19d elementor-section-content-middle elementor-section-boxed elementor-section-height-default elementor-section-height-default\" data-id=\"64a6e19d\" data-element_type=\"section\">\n\t\t\t\t\t\t<div class=\"elementor-container elementor-column-gap-default\">\n\t\t\t\t\t<div class=\"elementor-column elementor-col-100 elementor-top-column elementor-element elementor-element-11d68ce2\" data-id=\"11d68ce2\" data-element_type=\"column\">\n\t\t\t<div class=\"elementor-widget-wrap elementor-element-populated\">\n\t\t\t\t\t\t<div class=\"elementor-element elementor-element-797693ad wd-width-100 elementor-widget elementor-widget-wd_title\" data-id=\"797693ad\" data-element_type=\"widget\" data-widget_type=\"wd_title.default\">\n\t\t\t\t<div class=\"elementor-widget-container\">\n\t\t\t\t\t\t\t<div class=\"title-wrapper wd-set-mb reset-last-child wd-title-color-default wd-title-style-default wd-title-size-small text-left\">\n\n\t\t\t\n\t\t\t<div class=\"liner-continer\">\n\t\t\t\t<h4 class=\"woodmart-title-container title wd-fontsize-m\">Autentick\u00e1 pikantnost:<\/h4> \n\t\t\t\t\t\t\t<\/div>\n\n\t\t\t\t\t\t\t<div class=\"title-after_title reset-last-child wd-fontsize-xs\">\n\t\t\t\t\t<p>U\u017eijte si autentick\u00fd z\u00e1\u017eitek z Ramen, vytvo\u0159en\u00fd tak, aby dod\u00e1val charakteristick\u00e9 teplo korejsk\u00fdch pikantn\u00edch ku\u0159ec\u00edch sma\u017een\u00fdch nudl\u00ed.<\/p>\t\t\t\t<\/div>\n\t\t\t\t\t<\/div>\n\t\t\t\t\t\t<\/div>\n\t\t\t\t<\/div>\n\t\t\t\t<div class=\"elementor-element elementor-element-40545d86 elementor-widget elementor-widget-wd_image_or_svg\" data-id=\"40545d86\" data-element_type=\"widget\" data-widget_type=\"wd_image_or_svg.default\">\n\t\t\t\t<div class=\"elementor-widget-container\">\n\t\t\t\t\t\n\t\t<div class=\"wd-image text-center\">\n\t\t\t\t\t\t\t\t<img decoding=\"async\" width=\"1600\" height=\"1600\" src=\"https:\/\/kfood2eu.cz\/wp-content\/uploads\/2024\/01\/Bulramen-Ramen-Noodles-Extra-Hot-Flavor_4-1.jpg\" class=\"attachment-full size-full\" alt=\"\" srcset=\"https:\/\/kfood2eu.cz\/wp-content\/uploads\/2024\/01\/Bulramen-Ramen-Noodles-Extra-Hot-Flavor_4-1.jpg 1600w, https:\/\/kfood2eu.cz\/wp-content\/uploads\/2024\/01\/Bulramen-Ramen-Noodles-Extra-Hot-Flavor_4-1-300x300.jpg 300w, https:\/\/kfood2eu.cz\/wp-content\/uploads\/2024\/01\/Bulramen-Ramen-Noodles-Extra-Hot-Flavor_4-1-1024x1024.jpg 1024w, https:\/\/kfood2eu.cz\/wp-content\/uploads\/2024\/01\/Bulramen-Ramen-Noodles-Extra-Hot-Flavor_4-1-150x150.jpg 150w, https:\/\/kfood2eu.cz\/wp-content\/uploads\/2024\/01\/Bulramen-Ramen-Noodles-Extra-Hot-Flavor_4-1-768x768.jpg 768w, https:\/\/kfood2eu.cz\/wp-content\/uploads\/2024\/01\/Bulramen-Ramen-Noodles-Extra-Hot-Flavor_4-1-1536x1536.jpg 1536w, https:\/\/kfood2eu.cz\/wp-content\/uploads\/2024\/01\/Bulramen-Ramen-Noodles-Extra-Hot-Flavor_4-1-1200x1200.jpg 1200w, https:\/\/kfood2eu.cz\/wp-content\/uploads\/2024\/01\/Bulramen-Ramen-Noodles-Extra-Hot-Flavor_4-1-600x600.jpg 600w\" sizes=\"(max-width: 1600px) 100vw, 1600px\" \/>\t\t\t\t\t<\/div>\n\n\t\t\t\t\t\t<\/div>\n\t\t\t\t<\/div>\n\t\t\t\t\t<\/div>\n\t\t<\/div>\n\t\t\t\t\t<\/div>\n\t\t<\/section>\n\t\t\t\t<section class=\"elementor-section elementor-top-section elementor-element elementor-element-4e7d0398 elementor-section-content-middle elementor-section-boxed elementor-section-height-default elementor-section-height-default\" data-id=\"4e7d0398\" data-element_type=\"section\">\n\t\t\t\t\t\t<div class=\"elementor-container elementor-column-gap-default\">\n\t\t\t\t\t<div class=\"elementor-column elementor-col-100 elementor-top-column elementor-element elementor-element-9e184d7\" data-id=\"9e184d7\" data-element_type=\"column\">\n\t\t\t<div class=\"elementor-widget-wrap elementor-element-populated\">\n\t\t\t\t\t\t<div class=\"elementor-element elementor-element-5e79cfdd wd-width-100 elementor-widget elementor-widget-wd_title\" data-id=\"5e79cfdd\" data-element_type=\"widget\" data-widget_type=\"wd_title.default\">\n\t\t\t\t<div class=\"elementor-widget-container\">\n\t\t\t\t\t\t\t<div class=\"title-wrapper wd-set-mb reset-last-child wd-title-color-default wd-title-style-default wd-title-size-small text-left\">\n\n\t\t\t\n\t\t\t<div class=\"liner-continer\">\n\t\t\t\t<h4 class=\"woodmart-title-container title wd-fontsize-m\">Bulramen Extra Hot Flavor \u2013 Samyang Buldak RIPOFF? How spicy is Bulramen actually?<\/h4> \n\t\t\t\t\t\t\t<\/div>\n\n\t\t\t\t\t<\/div>\n\t\t\t\t\t\t<\/div>\n\t\t\t\t<\/div>\n\t\t\t\t<div class=\"elementor-element elementor-element-48ab5a19 elementor-widget elementor-widget-video\" data-id=\"48ab5a19\" data-element_type=\"widget\" data-settings=\"{&quot;youtube_url&quot;:&quot;https:\\\/\\\/www.youtube.com\\\/watch?v=W3XujdG_Oks&quot;,&quot;video_type&quot;:&quot;youtube&quot;,&quot;controls&quot;:&quot;yes&quot;}\" data-widget_type=\"video.default\">\n\t\t\t\t<div class=\"elementor-widget-container\">\n\t\t\t\t\t\t\t<div class=\"elementor-wrapper elementor-open-inline\">\n\t\t\t<div class=\"elementor-video\"><\/div>\t\t<\/div>\n\t\t\t\t\t\t<\/div>\n\t\t\t\t<\/div>\n\t\t\t\t\t<\/div>\n\t\t<\/div>\n\t\t\t\t\t<\/div>\n\t\t<\/section>\n\t\t\t\t<section class=\"elementor-section elementor-top-section elementor-element elementor-element-61fe9d1 elementor-section-content-middle elementor-section-boxed elementor-section-height-default elementor-section-height-default\" data-id=\"61fe9d1\" data-element_type=\"section\">\n\t\t\t\t\t\t<div class=\"elementor-container elementor-column-gap-default\">\n\t\t\t\t\t<div class=\"elementor-column elementor-col-100 elementor-top-column elementor-element elementor-element-d44c821\" data-id=\"d44c821\" data-element_type=\"column\">\n\t\t\t<div class=\"elementor-widget-wrap elementor-element-populated\">\n\t\t\t\t\t\t<div class=\"elementor-element elementor-element-63d783a wd-width-100 elementor-widget elementor-widget-wd_title\" data-id=\"63d783a\" data-element_type=\"widget\" data-widget_type=\"wd_title.default\">\n\t\t\t\t<div class=\"elementor-widget-container\">\n\t\t\t\t\t\t\t<div class=\"title-wrapper wd-set-mb reset-last-child wd-title-color-default wd-title-style-default wd-title-size-small text-left\">\n\n\t\t\t\n\t\t\t<div class=\"liner-continer\">\n\t\t\t\t<h4 class=\"woodmart-title-container title wd-fontsize-m\">BULRAMEN CARBONARA \u2013 Samyang Buldak KNOCK OFF??? \ud83d\ude31\ud83d\ude31\ud83d\ude31 Instant Noodle\/Ramen Reviews \ud83c\udf5c<br \/>\n<\/h4> \n\t\t\t\t\t\t\t<\/div>\n\n\t\t\t\t\t<\/div>\n\t\t\t\t\t\t<\/div>\n\t\t\t\t<\/div>\n\t\t\t\t<div class=\"elementor-element elementor-element-e092d6a elementor-widget elementor-widget-video\" data-id=\"e092d6a\" data-element_type=\"widget\" data-settings=\"{&quot;youtube_url&quot;:&quot;https:\\\/\\\/www.youtube.com\\\/watch?v=pjP9pYSCymQ&quot;,&quot;video_type&quot;:&quot;youtube&quot;,&quot;controls&quot;:&quot;yes&quot;}\" data-widget_type=\"video.default\">\n\t\t\t\t<div class=\"elementor-widget-container\">\n\t\t\t\t\t\t\t<div class=\"elementor-wrapper elementor-open-inline\">\n\t\t\t<div class=\"elementor-video\"><\/div>\t\t<\/div>\n\t\t\t\t\t\t<\/div>\n\t\t\t\t<\/div>\n\t\t\t\t\t<\/div>\n\t\t<\/div>\n\t\t\t\t\t<\/div>\n\t\t<\/section>\n\t\t\t\t<section class=\"elementor-section elementor-top-section elementor-element elementor-element-205de6c elementor-section-content-middle elementor-section-boxed elementor-section-height-default elementor-section-height-default\" data-id=\"205de6c\" data-element_type=\"section\">\n\t\t\t\t\t\t<div class=\"elementor-container elementor-column-gap-default\">\n\t\t\t\t\t<div class=\"elementor-column elementor-col-100 elementor-top-column elementor-element elementor-element-4bb6e31\" data-id=\"4bb6e31\" data-element_type=\"column\">\n\t\t\t<div class=\"elementor-widget-wrap elementor-element-populated\">\n\t\t\t\t\t\t<div class=\"elementor-element elementor-element-7bf932a elementor-widget elementor-widget-wd_image_or_svg\" data-id=\"7bf932a\" data-element_type=\"widget\" data-widget_type=\"wd_image_or_svg.default\">\n\t\t\t\t<div class=\"elementor-widget-container\">\n\t\t\t\t\t\n\t\t<div class=\"wd-image text-left\">\n\t\t\t\t\t\t\t\t<img decoding=\"async\" width=\"1600\" height=\"1600\" src=\"https:\/\/kfood2eu.cz\/wp-content\/uploads\/2024\/01\/Bulramen-Ramen-Noodles-Original-Hot-Flavor_5.jpg\" class=\"attachment-full size-full\" alt=\"\" srcset=\"https:\/\/kfood2eu.cz\/wp-content\/uploads\/2024\/01\/Bulramen-Ramen-Noodles-Original-Hot-Flavor_5.jpg 1600w, https:\/\/kfood2eu.cz\/wp-content\/uploads\/2024\/01\/Bulramen-Ramen-Noodles-Original-Hot-Flavor_5-300x300.jpg 300w, https:\/\/kfood2eu.cz\/wp-content\/uploads\/2024\/01\/Bulramen-Ramen-Noodles-Original-Hot-Flavor_5-1024x1024.jpg 1024w, https:\/\/kfood2eu.cz\/wp-content\/uploads\/2024\/01\/Bulramen-Ramen-Noodles-Original-Hot-Flavor_5-150x150.jpg 150w, https:\/\/kfood2eu.cz\/wp-content\/uploads\/2024\/01\/Bulramen-Ramen-Noodles-Original-Hot-Flavor_5-768x768.jpg 768w, https:\/\/kfood2eu.cz\/wp-content\/uploads\/2024\/01\/Bulramen-Ramen-Noodles-Original-Hot-Flavor_5-1536x1536.jpg 1536w, https:\/\/kfood2eu.cz\/wp-content\/uploads\/2024\/01\/Bulramen-Ramen-Noodles-Original-Hot-Flavor_5-1200x1200.jpg 1200w, https:\/\/kfood2eu.cz\/wp-content\/uploads\/2024\/01\/Bulramen-Ramen-Noodles-Original-Hot-Flavor_5-600x600.jpg 600w\" sizes=\"(max-width: 1600px) 100vw, 1600px\" \/>\t\t\t\t\t<\/div>\n\n\t\t\t\t\t\t<\/div>\n\t\t\t\t<\/div>\n\t\t\t\t\t<\/div>\n\t\t<\/div>\n\t\t\t\t\t<\/div>\n\t\t<\/section>\n\t\t\t\t<section class=\"elementor-section elementor-top-section elementor-element elementor-element-6994aa5 elementor-section-content-middle elementor-section-boxed elementor-section-height-default elementor-section-height-default\" data-id=\"6994aa5\" data-element_type=\"section\">\n\t\t\t\t\t\t<div class=\"elementor-container elementor-column-gap-default\">\n\t\t\t\t\t<div class=\"elementor-column elementor-col-100 elementor-top-column elementor-element elementor-element-c7eacec\" data-id=\"c7eacec\" data-element_type=\"column\">\n\t\t\t<div class=\"elementor-widget-wrap elementor-element-populated\">\n\t\t\t\t\t\t<div class=\"elementor-element elementor-element-e6085c9 wd-width-100 elementor-widget elementor-widget-wd_title\" data-id=\"e6085c9\" data-element_type=\"widget\" data-widget_type=\"wd_title.default\">\n\t\t\t\t<div class=\"elementor-widget-container\">\n\t\t\t\t\t\t\t<div class=\"title-wrapper wd-set-mb reset-last-child wd-title-color-default wd-title-style-default wd-title-size-small text-left\">\n\n\t\t\t\n\t\t\t<div class=\"liner-continer\">\n\t\t\t\t<h4 class=\"woodmart-title-container title wd-fontsize-m\">Pro alergiky:<\/h4> \n\t\t\t\t\t\t\t<\/div>\n\n\t\t\t\t\t\t\t<div class=\"title-after_title reset-last-child wd-fontsize-xs\">\n\t\t\t\t\t<p>Informace o alergenech naleznete ve slo\u017een\u00ed tu\u010dn\u011b nebo podtr\u017een\u011b.<\/p>\t\t\t\t<\/div>\n\t\t\t\t\t<\/div>\n\t\t\t\t\t\t<\/div>\n\t\t\t\t<\/div>\n\t\t\t\t<div class=\"elementor-element elementor-element-25c5c76 wd-width-100 elementor-widget elementor-widget-wd_title\" data-id=\"25c5c76\" data-element_type=\"widget\" data-widget_type=\"wd_title.default\">\n\t\t\t\t<div class=\"elementor-widget-container\">\n\t\t\t\t\t\t\t<div class=\"title-wrapper wd-set-mb reset-last-child wd-title-color-default wd-title-style-default wd-title-size-small text-left\">\n\n\t\t\t\n\t\t\t<div class=\"liner-continer\">\n\t\t\t\t<h4 class=\"woodmart-title-container title wd-fontsize-m\">Skladov\u00e1n\u00ed:<\/h4> \n\t\t\t\t\t\t\t<\/div>\n\n\t\t\t\t\t\t\t<div class=\"title-after_title reset-last-child wd-fontsize-xs\">\n\t\t\t\t\t<p>Skladujte na chladn\u00e9m a such\u00e9m m\u00edst\u011b mimo dosah p\u0159\u00edm\u00e9ho slune\u010dn\u00edho z\u00e1\u0159en\u00ed<\/p>\t\t\t\t<\/div>\n\t\t\t\t\t<\/div>\n\t\t\t\t\t\t<\/div>\n\t\t\t\t<\/div>\n\t\t\t\t\t<\/div>\n\t\t<\/div>\n\t\t\t\t\t<\/div>\n\t\t<\/section>\n\t\t\t\t<\/div>\n\t\t","protected":false},"excerpt":{"rendered":"<p>Bulramen je jednou z nejnov\u011bj\u0161\u00edch korejsk\u00fdch zna\u010dek ko\u0159en\u011bn\u00fdch ku\u0159ec\u00edch ramen. Autentick\u00e1 ko\u0159enitost: U\u017eijte si autentick\u00fd z\u00e1\u017eitek z Ramen, vytvo\u0159en\u00fd tak, aby dodal charakteristick\u00e9 teplo korejsk\u00fdch pikantn\u00edch sma\u017een\u00fdch ku\u0159ec\u00edch nudl\u00ed.<\/p>\n","protected":false},"featured_media":9989,"template":"","meta":[],"product_brand":[],"product_cat":[129,125],"product_tag":[],"class_list":{"0":"post-9976","1":"product","2":"type-product","3":"status-publish","4":"has-post-thumbnail","6":"product_cat-potraviny","7":"product_cat-nudle","9":"first","10":"instock","11":"taxable","12":"shipping-taxable","13":"purchasable","14":"product-type-simple"},"_links":{"self":[{"href":"https:\/\/kfood2eu.cz\/ko\/wp-json\/wp\/v2\/product\/9976","targetHints":{"allow":["GET"]}}],"collection":[{"href":"https:\/\/kfood2eu.cz\/ko\/wp-json\/wp\/v2\/product"}],"about":[{"href":"https:\/\/kfood2eu.cz\/ko\/wp-json\/wp\/v2\/types\/product"}],"version-history":[{"count":14,"href":"https:\/\/kfood2eu.cz\/ko\/wp-json\/wp\/v2\/product\/9976\/revisions"}],"predecessor-version":[{"id":10788,"href":"https:\/\/kfood2eu.cz\/ko\/wp-json\/wp\/v2\/product\/9976\/revisions\/10788"}],"wp:featuredmedia":[{"embeddable":true,"href":"https:\/\/kfood2eu.cz\/ko\/wp-json\/wp\/v2\/media\/9989"}],"wp:attachment":[{"href":"https:\/\/kfood2eu.cz\/ko\/wp-json\/wp\/v2\/media?parent=9976"}],"wp:term":[{"taxonomy":"product_brand","embeddable":true,"href":"https:\/\/kfood2eu.cz\/ko\/wp-json\/wp\/v2\/product_brand?post=9976"},{"taxonomy":"product_cat","embeddable":true,"href":"https:\/\/kfood2eu.cz\/ko\/wp-json\/wp\/v2\/product_cat?post=9976"},{"taxonomy":"product_tag","embeddable":true,"href":"https:\/\/kfood2eu.cz\/ko\/wp-json\/wp\/v2\/product_tag?post=9976"}],"curies":[{"name":"wp","href":"https:\/\/api.w.org\/{rel}","templated":true}]}}